{"id":90,"date":"2025-04-29T17:55:39","date_gmt":"2025-04-29T17:55:39","guid":{"rendered":"https:\/\/differ.seamless-brand.com\/?page_id=90"},"modified":"2025-10-24T15:28:16","modified_gmt":"2025-10-24T15:28:16","slug":"smart-building","status":"publish","type":"page","link":"https:\/\/differ.ca\/fr\/smart-building\/","title":{"rendered":"Solutions intelligentes pour immeubles"},"content":{"rendered":"<p><div class=\"fusion-fullwidth fullwidth-box fusion-builder-row-1 fusion-flex-container has-pattern-background has-mask-background fusion-parallax-none nonhundred-percent-fullwidth non-hundred-percent-height-scrolling\" style=\"--awb-border-radius-top-left:0px;--awb-border-radius-top-right:0px;--awb-border-radius-bottom-right:0px;--awb-border-radius-bottom-left:0px;--awb-padding-right:5%;--awb-padding-bottom:150px;--awb-padding-left:5%;--awb-padding-bottom-medium:75px;--awb-padding-right-small:15px;--awb-padding-bottom-small:35px;--awb-padding-left-small:15px;--awb-min-height:560px;--awb-min-height-medium:275px;--awb-min-height-small:200px;--awb-background-image:url(&quot;https:\/\/differ.ca\/wp-content\/uploads\/2025\/04\/SmartBuildingBannerBG.jpg&quot;);--awb-background-size:cover;--awb-flex-wrap:wrap;\" ><div class=\"fusion-builder-row fusion-row fusion-flex-align-items-flex-start fusion-flex-align-content-flex-end fusion-flex-content-wrap\" style=\"max-width:1560px;margin-left: calc(-4% \/ 2 );margin-right: calc(-4% \/ 2 );\"><div class=\"fusion-layout-column fusion_builder_column fusion-builder-column-0 fusion_builder_column_1_1 1_1 fusion-flex-column\" style=\"--awb-bg-size:cover;--awb-width-large:100%;--awb-margin-top-large:0px;--awb-spacing-right-large:1.92%;--awb-margin-bottom-large:0px;--awb-spacing-left-large:1.92%;--awb-width-medium:100%;--awb-order-medium:0;--awb-spacing-right-medium:1.92%;--awb-spacing-left-medium:1.92%;--awb-width-small:100%;--awb-order-small:0;--awb-spacing-right-small:1.92%;--awb-spacing-left-small:1.92%;\"><div class=\"fusion-column-wrapper fusion-column-has-shadow fusion-flex-justify-content-flex-start fusion-content-layout-column\"><div class=\"fusion-title title fusion-title-1 fusion-sep-none fusion-title-text fusion-title-size-one\" style=\"--awb-text-color:var(--awb-color1);\"><h1 class=\"fusion-title-heading title-heading-left sm-text-align-center\" style=\"font-family:&quot;Inter&quot;;font-style:italic;font-weight:800;margin:0;text-shadow:1px 1px 4px #000000;\">Solutions intelligentes pour immeubles<\/h1><\/div><div class=\"fusion-title title fusion-title-2 fusion-sep-none fusion-title-text fusion-title-size-two\" style=\"--awb-text-color:var(--awb-color4);\"><h2 class=\"fusion-title-heading title-heading-left sm-text-align-center\" style=\"font-family:&quot;Inter&quot;;font-style:normal;font-weight:500;margin:0;\"><span><\/span><\/h2><\/div><\/div><\/div><\/div><\/div><div class=\"fusion-fullwidth fullwidth-box fusion-builder-row-2 fusion-flex-container has-pattern-background has-mask-background nonhundred-percent-fullwidth non-hundred-percent-height-scrolling\" style=\"--awb-border-radius-top-left:0px;--awb-border-radius-top-right:0px;--awb-border-radius-bottom-right:0px;--awb-border-radius-bottom-left:0px;--awb-padding-top:100px;--awb-padding-bottom:100px;--awb-padding-top-medium:50px;--awb-padding-bottom-medium:50px;--awb-padding-top-small:25px;--awb-padding-bottom-small:50px;--awb-flex-wrap:wrap;\" ><div class=\"fusion-builder-row fusion-row fusion-flex-align-items-flex-start fusion-flex-content-wrap\" style=\"max-width:1560px;margin-left: calc(-4% \/ 2 );margin-right: calc(-4% \/ 2 );\"><div class=\"fusion-layout-column fusion_builder_column fusion-builder-column-1 fusion-flex-column\" style=\"--awb-bg-size:cover;--awb-width-large:45%;--awb-margin-top-large:0px;--awb-spacing-right-large:4.2666666666667%;--awb-margin-bottom-large:0px;--awb-spacing-left-large:4.2666666666667%;--awb-width-medium:50%;--awb-order-medium:0;--awb-spacing-right-medium:3.84%;--awb-margin-bottom-medium:5px;--awb-spacing-left-medium:3.84%;--awb-width-small:100%;--awb-order-small:2;--awb-spacing-right-small:1.92%;--awb-margin-bottom-small:35px;--awb-spacing-left-small:1.92%;\" data-scroll-devices=\"small-visibility,medium-visibility,large-visibility\"><div class=\"fusion-column-wrapper fusion-column-has-shadow fusion-flex-justify-content-flex-start fusion-content-layout-column\"><div class=\"accordian fusion-accordian\" style=\"--awb-padding-top:10px;--awb-padding-bottom:10px;--awb-border-size:1px;--awb-icon-size:24px;--awb-content-font-size:17px;--awb-content-line-height:21px;--awb-icon-alignment:right;--awb-hover-color:var(--awb-color2);--awb-border-color:var(--awb-color3);--awb-background-color:var(--awb-color1);--awb-divider-color:var(--awb-color8);--awb-divider-hover-color:var(--awb-color3);--awb-icon-color:var(--awb-color7);--awb-title-color:var(--awb-color4);--awb-content-color:var(--awb-custom_color_2);--awb-icon-box-color:var(--awb-color7);--awb-toggle-hover-accent-color:var(--awb-color7);--awb-toggle-active-accent-color:var(--awb-color4);--awb-title-font-family:&quot;Inter&quot;;--awb-title-font-weight:600;--awb-title-font-style:normal;--awb-title-font-size:25px;--awb-title-letter-spacing:-1px;--awb-title-line-height:27px;--awb-content-font-family:&quot;Inter&quot;;--awb-content-font-style:normal;--awb-content-font-weight:400;\"><div class=\"panel-group fusion-toggle-icon-right fusion-toggle-icon-unboxed\" id=\"accordion-90-1\"><div class=\"fusion-panel panel-default panel-c1134c54381e5f4d4 fusion-toggle-has-divider\" style=\"--awb-title-font-family:&quot;Inter&quot;;--awb-title-font-weight:700;--awb-title-font-style:normal;--awb-title-letter-spacing:-1px;--awb-title-color:var(--awb-color4);--awb-content-color:var(--awb-custom_color_2);\"><div class=\"panel-heading\"><h4 class=\"panel-title toggle\" id=\"toggle_c1134c54381e5f4d4\"><a class=\"active\" aria-expanded=\"true\" aria-controls=\"c1134c54381e5f4d4\" role=\"button\" data-toggle=\"collapse\" data-parent=\"#accordion-90-1\" data-target=\"#c1134c54381e5f4d4\" href=\"#c1134c54381e5f4d4\"><span class=\"fusion-toggle-icon-wrapper\" aria-hidden=\"true\"><i class=\"fa-fusion-box active-icon fa-angle-up fas\" aria-hidden=\"true\"><\/i><i class=\"fa-fusion-box inactive-icon fa-angle-down fas\" aria-hidden=\"true\"><\/i><\/span><span class=\"fusion-toggle-heading\">Internet<\/span><\/a><\/h4><\/div><div id=\"c1134c54381e5f4d4\" class=\"panel-collapse collapse in\" aria-labelledby=\"toggle_c1134c54381e5f4d4\"><div class=\"panel-body toggle-content fusion-clearfix\">\n<p><img decoding=\"async\" class=\"mobile-img wp-image-131 size-full alignright\" src=\"https:\/\/differ.ca\/wp-content\/uploads\/2025\/04\/SmartBuilding_0003_Layer-1-1.png\" alt=\"\" width=\"165\" height=\"300\" \/>DIFFER offre l\u2019une des vitesses Internet les plus rapides au Canada, avec des vitesses sym\u00e9triques standard de 2,5 Gbps\u00b9  pour le t\u00e9l\u00e9chargement et le t\u00e9l\u00e9versement.<\/p>\n<ul>\n<li>Chaque locataire\/unit\u00e9 dispose d\u2019un r\u00e9seau s\u00e9curis\u00e9 et chiffr\u00e9, prot\u00e9g\u00e9 par un mot de passe et offrant un nombre illimit\u00e9 de donn\u00e9es.<\/li>\n<li>Un acc\u00e8s Internet s\u00e9curis\u00e9 est offert gratuitement dans les aires communes, les salles d\u2019entra\u00eenement, les salles d\u2019activit\u00e9s, les stations de recharge pour v\u00e9hicules \u00e9lectriques et les salons.<\/li>\n<li>Service enti\u00e8rement pris en charge par l\u2019\u00e9quipe de DIFFER.<\/li>\n<\/ul>\n<p><span style=\"font-size: 13px; line-height: 15px;\"><em>\u00b9 Des vitesses sym\u00e9triques de 2,5 Gbps sont disponibles dans la majorit\u00e9 des immeubles. Toutefois, en raison de certaines limitations, certains immeubles peuvent \u00eatre limit\u00e9s \u00e0 des vitesses sym\u00e9triques de 1 Gbps, tandis que d\u2019autres peuvent offrir des vitesses sup\u00e9rieures aux normes.<\/em><\/span><\/p>\n<\/div><\/div><\/div><div class=\"fusion-panel panel-default panel-ccf0106ded19a0680 fusion-toggle-has-divider\" style=\"--awb-title-font-family:&quot;Inter&quot;;--awb-title-font-weight:700;--awb-title-font-style:normal;--awb-title-letter-spacing:-1px;--awb-title-color:var(--awb-color4);--awb-content-color:var(--awb-custom_color_2);\"><div class=\"panel-heading\"><h4 class=\"panel-title toggle\" id=\"toggle_ccf0106ded19a0680\"><a aria-expanded=\"false\" aria-controls=\"ccf0106ded19a0680\" role=\"button\" data-toggle=\"collapse\" data-parent=\"#accordion-90-1\" data-target=\"#ccf0106ded19a0680\" href=\"#ccf0106ded19a0680\"><span class=\"fusion-toggle-icon-wrapper\" aria-hidden=\"true\"><i class=\"fa-fusion-box active-icon fa-angle-up fas\" aria-hidden=\"true\"><\/i><i class=\"fa-fusion-box inactive-icon fa-angle-down fas\" aria-hidden=\"true\"><\/i><\/span><span class=\"fusion-toggle-heading\">S\u00e9curit\u00e9 de l\u2019immeuble<\/span><\/a><\/h4><\/div><div id=\"ccf0106ded19a0680\" class=\"panel-collapse collapse\" aria-labelledby=\"toggle_ccf0106ded19a0680\"><div class=\"panel-body toggle-content fusion-clearfix\">\n<ul>\n<li><img decoding=\"async\" class=\"mobile-img wp-image-132 size-full alignright\" src=\"https:\/\/differ.ca\/wp-content\/uploads\/2025\/04\/SmartBuilding_0002_Icon-3-1.png\" alt=\"\" width=\"165\" height=\"192\" \/>Int\u00e9gration avec des syst\u00e8mes de contr\u00f4le d\u2019acc\u00e8s (par exemple, ButterflyMX, 1Valet, Akuvox, Micom et autres syst\u00e8mes d\u2019acc\u00e8s aux immeubles reconnus), incluant la fourniture, la coordination et l\u2019installation.<\/li>\n<li>Cha\u00eenes personnalis\u00e9es d\u2019accueil et d\u2019information.<\/li>\n<li>Int\u00e9gration des cam\u00e9ras de s\u00e9curit\u00e9 et du hall d\u2019entr\u00e9e.<\/li>\n<\/ul>\n<\/div><\/div><\/div><div class=\"fusion-panel panel-default panel-c211f06e516162b67 fusion-toggle-has-divider\" style=\"--awb-title-font-family:&quot;Inter&quot;;--awb-title-font-weight:700;--awb-title-font-style:normal;--awb-title-letter-spacing:-1px;--awb-title-color:var(--awb-color4);--awb-content-color:var(--awb-custom_color_2);\"><div class=\"panel-heading\"><h4 class=\"panel-title toggle\" id=\"toggle_c211f06e516162b67\"><a aria-expanded=\"false\" aria-controls=\"c211f06e516162b67\" role=\"button\" data-toggle=\"collapse\" data-parent=\"#accordion-90-1\" data-target=\"#c211f06e516162b67\" href=\"#c211f06e516162b67\"><span class=\"fusion-toggle-icon-wrapper\" aria-hidden=\"true\"><i class=\"fa-fusion-box active-icon fa-angle-up fas\" aria-hidden=\"true\"><\/i><i class=\"fa-fusion-box inactive-icon fa-angle-down fas\" aria-hidden=\"true\"><\/i><\/span><span class=\"fusion-toggle-heading\">T\u00e9l\u00e9vision<\/span><\/a><\/h4><\/div><div id=\"c211f06e516162b67\" class=\"panel-collapse collapse\" aria-labelledby=\"toggle_c211f06e516162b67\"><div class=\"panel-body toggle-content fusion-clearfix\"><img decoding=\"async\" class=\"mobile-img size-full wp-image-128 alignright\" src=\"https:\/\/differ.ca\/wp-content\/uploads\/2025\/04\/SmartBuilding_0001_TV.png\" alt=\"\" width=\"165\" height=\"262\" \/>DIFFER est une entreprise de distribution de radiodiffusion (EDR) enregistr\u00e9e qui exploite sa propre infrastructure et sa propre plateforme de diffusion t\u00e9l\u00e9visuelle, ce qui simplifie l\u2019exp\u00e9rience client, tout en r\u00e9duisant les co\u00fbts.<\/p>\n<p>Nous offrons jusqu\u2019\u00e0 plus de 80 cha\u00eenes haute d\u00e9finition, incluant les choix les plus populaires de fournisseurs de contenu tels que Bell Media, Rogers, Corus Entertainment, ainsi que d\u2019autres diffuseurs canadiens et am\u00e9ricains, y compris des forfaits complets de cha\u00eenes sportives.<\/div><\/div><\/div><div class=\"fusion-panel panel-default panel-8a5af5ca954aaa0d1 fusion-toggle-has-divider\" style=\"--awb-title-font-family:&quot;Inter&quot;;--awb-title-font-weight:700;--awb-title-font-style:normal;--awb-title-letter-spacing:-1px;--awb-title-color:var(--awb-color4);--awb-content-color:var(--awb-custom_color_2);\"><div class=\"panel-heading\"><h4 class=\"panel-title toggle\" id=\"toggle_8a5af5ca954aaa0d1\"><a aria-expanded=\"false\" aria-controls=\"8a5af5ca954aaa0d1\" role=\"button\" data-toggle=\"collapse\" data-parent=\"#accordion-90-1\" data-target=\"#8a5af5ca954aaa0d1\" href=\"#8a5af5ca954aaa0d1\"><span class=\"fusion-toggle-icon-wrapper\" aria-hidden=\"true\"><i class=\"fa-fusion-box active-icon fa-angle-up fas\" aria-hidden=\"true\"><\/i><i class=\"fa-fusion-box inactive-icon fa-angle-down fas\" aria-hidden=\"true\"><\/i><\/span><span class=\"fusion-toggle-heading\">T\u00e9l\u00e9phonie r\u00e9sidentielle flexible<\/span><\/a><\/h4><\/div><div id=\"8a5af5ca954aaa0d1\" class=\"panel-collapse collapse\" aria-labelledby=\"toggle_8a5af5ca954aaa0d1\"><div class=\"panel-body toggle-content fusion-clearfix\">\n<p><img decoding=\"async\" class=\"mobile-img wp-image-135 size-full alignright\" src=\"https:\/\/differ.ca\/wp-content\/uploads\/2025\/04\/SmartBuilding_0000_Phone-2.png\" alt=\"\" width=\"165\" height=\"148\" \/>DiFFER customers have the ability to keep their home phone number and landline telephone service, while enjoying DiFFER\u2019s other state-of-the-art services.<\/p>\n<\/div><\/div><\/div><\/div><\/div><div style=\"text-align:center;\"><a class=\"fusion-button button-flat fusion-button-default-size button-custom fusion-button-default button-1 fusion-button-default-span fusion-button-default-type\" style=\"--button_accent_color:#212121;--button_accent_hover_color:var(--awb-color1);--button_border_hover_color:var(--awb-color1);--button_gradient_top_color:var(--awb-color6);--button_gradient_bottom_color:var(--awb-color6);--button_gradient_top_color_hover:var(--awb-color6);--button_gradient_bottom_color_hover:var(--awb-color6);--button_margin-top:50px;\" target=\"_self\" href=\"\/fr\/contact-us\/\"><span class=\"fusion-button-text awb-button__text awb-button__text--default\">Faites le premier pas d\u00e8s maintenant<\/span><\/a><\/div><\/div><\/div><div class=\"fusion-layout-column fusion_builder_column fusion-builder-column-2 fusion-flex-column fusion-animated\" style=\"--awb-bg-size:cover;--awb-width-large:55%;--awb-margin-top-large:0px;--awb-spacing-right-large:3.4909090909091%;--awb-margin-bottom-large:0px;--awb-spacing-left-large:3.4909090909091%;--awb-width-medium:50%;--awb-order-medium:0;--awb-spacing-right-medium:3.84%;--awb-spacing-left-medium:3.84%;--awb-width-small:100%;--awb-order-small:1;--awb-spacing-right-small:1.92%;--awb-spacing-left-small:1.92%;\" data-animationtype=\"fadeInRight\" data-animationduration=\"0.9\" data-animationdelay=\"0.5\" data-animationoffset=\"top-into-view\" data-scroll-devices=\"small-visibility,medium-visibility,large-visibility\"><div class=\"fusion-column-wrapper fusion-column-has-shadow fusion-flex-justify-content-flex-start fusion-content-layout-column\"><div class=\"fusion-image-element\" style=\"--awb-caption-title-font-family:var(--h2_typography-font-family);--awb-caption-title-font-weight:var(--h2_typography-font-weight);--awb-caption-title-font-style:var(--h2_typography-font-style);--awb-caption-title-size:var(--h2_typography-font-size);--awb-caption-title-transform:var(--h2_typography-text-transform);--awb-caption-title-line-height:var(--h2_typography-line-height);--awb-caption-title-letter-spacing:var(--h2_typography-letter-spacing);\"><span class=\"fusion-imageframe imageframe-none imageframe-1 hover-type-none\"><img decoding=\"async\" width=\"1000\" height=\"794\" title=\"SmartHomeImage\" src=\"https:\/\/differ.ca\/wp-content\/uploads\/2025\/04\/SmartHomeImage.png\" alt class=\"img-responsive wp-image-108\" srcset=\"https:\/\/differ.ca\/wp-content\/uploads\/2025\/04\/SmartHomeImage-200x159.png 200w, https:\/\/differ.ca\/wp-content\/uploads\/2025\/04\/SmartHomeImage-400x318.png 400w, https:\/\/differ.ca\/wp-content\/uploads\/2025\/04\/SmartHomeImage-600x476.png 600w, https:\/\/differ.ca\/wp-content\/uploads\/2025\/04\/SmartHomeImage-800x635.png 800w, https:\/\/differ.ca\/wp-content\/uploads\/2025\/04\/SmartHomeImage.png 1000w\" sizes=\"(max-width: 640px) 100vw, 1000px\" \/><\/span><\/div><\/div><\/div><\/div><\/div><\/p>","protected":false},"excerpt":{"rendered":"","protected":false},"author":1,"featured_media":1824,"parent":0,"menu_order":0,"comment_status":"closed","ping_status":"closed","template":"100-width.php","meta":{"_acf_changed":false,"footnotes":""},"class_list":["post-90","page","type-page","status-publish","has-post-thumbnail","hentry"],"acf":[],"yoast_head":"<!-- This site is optimized with the Yoast SEO plugin v26.7 - https:\/\/yoast.com\/wordpress\/plugins\/seo\/ -->\n<title>Smart Building - Differ Communications<\/title>\n<meta name=\"robots\" content=\"index, follow, max-snippet:-1, max-image-preview:large, max-video-preview:-1\" \/>\n<link rel=\"canonical\" href=\"https:\/\/differ.ca\/fr\/smart-building\/\" \/>\n<meta property=\"og:locale\" content=\"fr_CA\" \/>\n<meta property=\"og:type\" content=\"article\" \/>\n<meta property=\"og:title\" content=\"Smart Building - Differ Communications\" \/>\n<meta property=\"og:url\" content=\"https:\/\/differ.ca\/fr\/smart-building\/\" \/>\n<meta property=\"og:site_name\" content=\"Differ Communications\" \/>\n<meta property=\"article:modified_time\" content=\"2025-10-24T15:28:16+00:00\" \/>\n<meta property=\"og:image\" content=\"https:\/\/differ.ca\/wp-content\/uploads\/2025\/10\/174_OpenGraphImages-SmartBuilding.jpg\" \/>\n\t<meta property=\"og:image:width\" content=\"1200\" \/>\n\t<meta property=\"og:image:height\" content=\"630\" \/>\n\t<meta property=\"og:image:type\" content=\"image\/jpeg\" \/>\n<meta name=\"twitter:card\" content=\"summary_large_image\" \/>\n<meta name=\"twitter:label1\" content=\"Estimation du temps de lecture\" \/>\n\t<meta name=\"twitter:data1\" content=\"3 minutes\" \/>\n<script type=\"application\/ld+json\" class=\"yoast-schema-graph\">{\"@context\":\"https:\/\/schema.org\",\"@graph\":[{\"@type\":\"WebPage\",\"@id\":\"https:\/\/differ.ca\/smart-building\/\",\"url\":\"https:\/\/differ.ca\/smart-building\/\",\"name\":\"Smart Building - Differ Communications\",\"isPartOf\":{\"@id\":\"https:\/\/differ.ca\/#website\"},\"primaryImageOfPage\":{\"@id\":\"https:\/\/differ.ca\/smart-building\/#primaryimage\"},\"image\":{\"@id\":\"https:\/\/differ.ca\/smart-building\/#primaryimage\"},\"thumbnailUrl\":\"https:\/\/differ.ca\/wp-content\/uploads\/2025\/10\/174_OpenGraphImages-SmartBuilding.jpg\",\"datePublished\":\"2025-04-29T17:55:39+00:00\",\"dateModified\":\"2025-10-24T15:28:16+00:00\",\"breadcrumb\":{\"@id\":\"https:\/\/differ.ca\/smart-building\/#breadcrumb\"},\"inLanguage\":\"fr-CA\",\"potentialAction\":[{\"@type\":\"ReadAction\",\"target\":[\"https:\/\/differ.ca\/smart-building\/\"]}]},{\"@type\":\"ImageObject\",\"inLanguage\":\"fr-CA\",\"@id\":\"https:\/\/differ.ca\/smart-building\/#primaryimage\",\"url\":\"https:\/\/differ.ca\/wp-content\/uploads\/2025\/10\/174_OpenGraphImages-SmartBuilding.jpg\",\"contentUrl\":\"https:\/\/differ.ca\/wp-content\/uploads\/2025\/10\/174_OpenGraphImages-SmartBuilding.jpg\",\"width\":1200,\"height\":630},{\"@type\":\"BreadcrumbList\",\"@id\":\"https:\/\/differ.ca\/smart-building\/#breadcrumb\",\"itemListElement\":[{\"@type\":\"ListItem\",\"position\":1,\"name\":\"Home\",\"item\":\"https:\/\/differ.ca\/\"},{\"@type\":\"ListItem\",\"position\":2,\"name\":\"Smart Building\"}]},{\"@type\":\"WebSite\",\"@id\":\"https:\/\/differ.ca\/#website\",\"url\":\"https:\/\/differ.ca\/\",\"name\":\"Differ Communications\",\"description\":\"\",\"potentialAction\":[{\"@type\":\"SearchAction\",\"target\":{\"@type\":\"EntryPoint\",\"urlTemplate\":\"https:\/\/differ.ca\/?s={search_term_string}\"},\"query-input\":{\"@type\":\"PropertyValueSpecification\",\"valueRequired\":true,\"valueName\":\"search_term_string\"}}],\"inLanguage\":\"fr-CA\"}]}<\/script>\n<!-- \/ Yoast SEO plugin. -->","yoast_head_json":{"title":"Smart Building - Differ Communications","robots":{"index":"index","follow":"follow","max-snippet":"max-snippet:-1","max-image-preview":"max-image-preview:large","max-video-preview":"max-video-preview:-1"},"canonical":"https:\/\/differ.ca\/fr\/smart-building\/","og_locale":"fr_CA","og_type":"article","og_title":"Smart Building - Differ Communications","og_url":"https:\/\/differ.ca\/fr\/smart-building\/","og_site_name":"Differ Communications","article_modified_time":"2025-10-24T15:28:16+00:00","og_image":[{"width":1200,"height":630,"url":"https:\/\/differ.ca\/wp-content\/uploads\/2025\/10\/174_OpenGraphImages-SmartBuilding.jpg","type":"image\/jpeg"}],"twitter_card":"summary_large_image","twitter_misc":{"Estimation du temps de lecture":"3 minutes"},"schema":{"@context":"https:\/\/schema.org","@graph":[{"@type":"WebPage","@id":"https:\/\/differ.ca\/smart-building\/","url":"https:\/\/differ.ca\/smart-building\/","name":"Smart Building - Differ Communications","isPartOf":{"@id":"https:\/\/differ.ca\/#website"},"primaryImageOfPage":{"@id":"https:\/\/differ.ca\/smart-building\/#primaryimage"},"image":{"@id":"https:\/\/differ.ca\/smart-building\/#primaryimage"},"thumbnailUrl":"https:\/\/differ.ca\/wp-content\/uploads\/2025\/10\/174_OpenGraphImages-SmartBuilding.jpg","datePublished":"2025-04-29T17:55:39+00:00","dateModified":"2025-10-24T15:28:16+00:00","breadcrumb":{"@id":"https:\/\/differ.ca\/smart-building\/#breadcrumb"},"inLanguage":"fr-CA","potentialAction":[{"@type":"ReadAction","target":["https:\/\/differ.ca\/smart-building\/"]}]},{"@type":"ImageObject","inLanguage":"fr-CA","@id":"https:\/\/differ.ca\/smart-building\/#primaryimage","url":"https:\/\/differ.ca\/wp-content\/uploads\/2025\/10\/174_OpenGraphImages-SmartBuilding.jpg","contentUrl":"https:\/\/differ.ca\/wp-content\/uploads\/2025\/10\/174_OpenGraphImages-SmartBuilding.jpg","width":1200,"height":630},{"@type":"BreadcrumbList","@id":"https:\/\/differ.ca\/smart-building\/#breadcrumb","itemListElement":[{"@type":"ListItem","position":1,"name":"Home","item":"https:\/\/differ.ca\/"},{"@type":"ListItem","position":2,"name":"Smart Building"}]},{"@type":"WebSite","@id":"https:\/\/differ.ca\/#website","url":"https:\/\/differ.ca\/","name":"Differ Communications","description":"","potentialAction":[{"@type":"SearchAction","target":{"@type":"EntryPoint","urlTemplate":"https:\/\/differ.ca\/?s={search_term_string}"},"query-input":{"@type":"PropertyValueSpecification","valueRequired":true,"valueName":"search_term_string"}}],"inLanguage":"fr-CA"}]}},"_links":{"self":[{"href":"https:\/\/differ.ca\/fr\/wp-json\/wp\/v2\/pages\/90","targetHints":{"allow":["GET"]}}],"collection":[{"href":"https:\/\/differ.ca\/fr\/wp-json\/wp\/v2\/pages"}],"about":[{"href":"https:\/\/differ.ca\/fr\/wp-json\/wp\/v2\/types\/page"}],"author":[{"embeddable":true,"href":"https:\/\/differ.ca\/fr\/wp-json\/wp\/v2\/users\/1"}],"replies":[{"embeddable":true,"href":"https:\/\/differ.ca\/fr\/wp-json\/wp\/v2\/comments?post=90"}],"version-history":[{"count":32,"href":"https:\/\/differ.ca\/fr\/wp-json\/wp\/v2\/pages\/90\/revisions"}],"predecessor-version":[{"id":1829,"href":"https:\/\/differ.ca\/fr\/wp-json\/wp\/v2\/pages\/90\/revisions\/1829"}],"wp:featuredmedia":[{"embeddable":true,"href":"https:\/\/differ.ca\/fr\/wp-json\/wp\/v2\/media\/1824"}],"wp:attachment":[{"href":"https:\/\/differ.ca\/fr\/wp-json\/wp\/v2\/media?parent=90"}],"curies":[{"name":"wp","href":"https:\/\/api.w.org\/{rel}","templated":true}]}}