{"id":84,"date":"2025-04-29T16:56:36","date_gmt":"2025-04-29T16:56:36","guid":{"rendered":"https:\/\/differ.seamless-brand.com\/?page_id=84"},"modified":"2025-10-24T15:28:38","modified_gmt":"2025-10-24T15:28:38","slug":"crtc-carrier-info","status":"publish","type":"page","link":"https:\/\/differ.ca\/fr\/crtc-carrier-info\/","title":{"rendered":"Informations sur le CRTC et les Fournisseurs"},"content":{"rendered":"<p><div class=\"fusion-fullwidth fullwidth-box fusion-builder-row-1 fusion-flex-container has-pattern-background has-mask-background nonhundred-percent-fullwidth non-hundred-percent-height-scrolling\" style=\"--awb-border-radius-top-left:0px;--awb-border-radius-top-right:0px;--awb-border-radius-bottom-right:0px;--awb-border-radius-bottom-left:0px;--awb-padding-top:75px;--awb-padding-bottom:35px;--awb-padding-top-small:50px;--awb-padding-bottom-small:25px;--awb-background-color:var(--awb-color1);--awb-flex-wrap:wrap;\" ><div class=\"fusion-builder-row fusion-row fusion-flex-align-items-flex-start fusion-flex-justify-content-center fusion-flex-content-wrap\" style=\"max-width:1560px;margin-left: calc(-4% \/ 2 );margin-right: calc(-4% \/ 2 );\"><div class=\"fusion-layout-column fusion_builder_column fusion-builder-column-0 fusion_builder_column_4_5 4_5 fusion-flex-column\" style=\"--awb-bg-size:cover;--awb-width-large:80%;--awb-margin-top-large:0px;--awb-spacing-right-large:2.4%;--awb-margin-bottom-large:0px;--awb-spacing-left-large:2.4%;--awb-width-medium:100%;--awb-order-medium:0;--awb-spacing-right-medium:1.92%;--awb-spacing-left-medium:1.92%;--awb-width-small:100%;--awb-order-small:0;--awb-spacing-right-small:1.92%;--awb-spacing-left-small:1.92%;\" data-scroll-devices=\"small-visibility,medium-visibility,large-visibility\"><div class=\"fusion-column-wrapper fusion-column-has-shadow fusion-flex-justify-content-flex-start fusion-content-layout-column\"><div class=\"fusion-text fusion-text-1\"><p>Differ Communications Ltd. est un transporteur \u00e0 installations propres non dominant enregistr\u00e9 aupr\u00e8s du CRTC. L\u2019entreprise exerce actuellement ses activit\u00e9s en Nouvelle-\u00c9cosse et au Nouveau-Brunswick. Differ est \u00e9galement enregistr\u00e9e en tant qu\u2019entreprise de distribution de radiodiffusion exempt\u00e9e et est membre de la Canadian Communications Systems Alliance.<\/p>\n<\/div><\/div><\/div><\/div><\/div><div class=\"fusion-fullwidth fullwidth-box fusion-builder-row-2 fusion-flex-container has-pattern-background has-mask-background nonhundred-percent-fullwidth non-hundred-percent-height-scrolling\" style=\"--awb-border-radius-top-left:0px;--awb-border-radius-top-right:0px;--awb-border-radius-bottom-right:0px;--awb-border-radius-bottom-left:0px;--awb-padding-top:50px;--awb-padding-bottom:50px;--awb-padding-top-small:50px;--awb-padding-bottom-small:25px;--awb-background-color:#f4faf3;--awb-flex-wrap:wrap;\" ><div class=\"fusion-builder-row fusion-row fusion-flex-align-items-flex-start fusion-flex-justify-content-center fusion-flex-content-wrap\" style=\"max-width:1560px;margin-left: calc(-4% \/ 2 );margin-right: calc(-4% \/ 2 );\"><div class=\"fusion-layout-column fusion_builder_column fusion-builder-column-1 fusion_builder_column_4_5 4_5 fusion-flex-column\" style=\"--awb-bg-size:cover;--awb-width-large:80%;--awb-margin-top-large:0px;--awb-spacing-right-large:2.4%;--awb-margin-bottom-large:0px;--awb-spacing-left-large:2.4%;--awb-width-medium:100%;--awb-order-medium:0;--awb-spacing-right-medium:1.92%;--awb-spacing-left-medium:1.92%;--awb-width-small:100%;--awb-order-small:0;--awb-spacing-right-small:1.92%;--awb-spacing-left-small:1.92%;\" data-scroll-devices=\"small-visibility,medium-visibility,large-visibility\"><div class=\"fusion-column-wrapper fusion-column-has-shadow fusion-flex-justify-content-flex-start fusion-content-layout-column\"><div class=\"fusion-title title fusion-title-1 fusion-sep-none fusion-title-text fusion-title-size-two\" style=\"--awb-text-color:var(--awb-color4);--awb-margin-bottom:20px;--awb-margin-bottom-small:15px;--awb-margin-bottom-medium:15px;\"><h2 class=\"fusion-title-heading title-heading-left\" style=\"margin:0;\">C\u00e2blage int\u00e9rieur de b\u00e2timent<\/h2><\/div><div class=\"fusion-text fusion-text-2\"><p>Differ installe, poss\u00e8de et exploite du c\u00e2blage en fibre optique \u00e0 l\u2019int\u00e9rieur des b\u00e2timents r\u00e9sidentiels neufs dans sa zone de service actuelle. Nous collaborons \u00e9galement avec des propri\u00e9taires pour installer et exploiter la fibre pour leur compte.<\/p>\n<p>Nous favorisons la propri\u00e9t\u00e9 du c\u00e2blage fibre par les b\u00e2timents comme nouvelle norme dans les constructions commerciales et r\u00e9sidentielles, tout comme cela a \u00e9t\u00e9 fait avec le cuivre.\nPour discuter des avantages de la fibre optique en propri\u00e9t\u00e9 d\u2019immeuble, contactez-nous \u00e0 info@differ.ca.<\/p>\n<\/div><\/div><\/div><\/div><\/div><\/p>","protected":false},"excerpt":{"rendered":"","protected":false},"author":1,"featured_media":1819,"parent":0,"menu_order":0,"comment_status":"closed","ping_status":"closed","template":"100-width.php","meta":{"_acf_changed":false,"footnotes":""},"class_list":["post-84","page","type-page","status-publish","has-post-thumbnail","hentry"],"acf":[],"yoast_head":"<!-- This site is optimized with the Yoast SEO plugin v26.7 - https:\/\/yoast.com\/wordpress\/plugins\/seo\/ -->\n<title>CRTC &amp; Carrier Info - Differ Communications<\/title>\n<meta name=\"robots\" content=\"index, follow, max-snippet:-1, max-image-preview:large, max-video-preview:-1\" \/>\n<link rel=\"canonical\" href=\"https:\/\/differ.ca\/fr\/crtc-carrier-info\/\" \/>\n<meta property=\"og:locale\" content=\"fr_CA\" \/>\n<meta property=\"og:type\" content=\"article\" \/>\n<meta property=\"og:title\" content=\"CRTC &amp; Carrier Info - Differ Communications\" \/>\n<meta property=\"og:url\" content=\"https:\/\/differ.ca\/fr\/crtc-carrier-info\/\" \/>\n<meta property=\"og:site_name\" content=\"Differ Communications\" \/>\n<meta property=\"article:modified_time\" content=\"2025-10-24T15:28:38+00:00\" \/>\n<meta property=\"og:image\" content=\"https:\/\/differ.ca\/wp-content\/uploads\/2025\/10\/174_OpenGraphImages-LegalPages.jpg\" \/>\n\t<meta property=\"og:image:width\" content=\"1200\" \/>\n\t<meta property=\"og:image:height\" content=\"630\" \/>\n\t<meta property=\"og:image:type\" content=\"image\/jpeg\" \/>\n<meta name=\"twitter:card\" content=\"summary_large_image\" \/>\n<meta name=\"twitter:label1\" content=\"Estimation du temps de lecture\" \/>\n\t<meta name=\"twitter:data1\" content=\"1 minute\" \/>\n<script type=\"application\/ld+json\" class=\"yoast-schema-graph\">{\"@context\":\"https:\/\/schema.org\",\"@graph\":[{\"@type\":\"WebPage\",\"@id\":\"https:\/\/differ.ca\/crtc-carrier-info\/\",\"url\":\"https:\/\/differ.ca\/crtc-carrier-info\/\",\"name\":\"CRTC & Carrier Info - Differ Communications\",\"isPartOf\":{\"@id\":\"https:\/\/differ.ca\/#website\"},\"primaryImageOfPage\":{\"@id\":\"https:\/\/differ.ca\/crtc-carrier-info\/#primaryimage\"},\"image\":{\"@id\":\"https:\/\/differ.ca\/crtc-carrier-info\/#primaryimage\"},\"thumbnailUrl\":\"https:\/\/differ.ca\/wp-content\/uploads\/2025\/10\/174_OpenGraphImages-LegalPages.jpg\",\"datePublished\":\"2025-04-29T16:56:36+00:00\",\"dateModified\":\"2025-10-24T15:28:38+00:00\",\"breadcrumb\":{\"@id\":\"https:\/\/differ.ca\/crtc-carrier-info\/#breadcrumb\"},\"inLanguage\":\"fr-CA\",\"potentialAction\":[{\"@type\":\"ReadAction\",\"target\":[\"https:\/\/differ.ca\/crtc-carrier-info\/\"]}]},{\"@type\":\"ImageObject\",\"inLanguage\":\"fr-CA\",\"@id\":\"https:\/\/differ.ca\/crtc-carrier-info\/#primaryimage\",\"url\":\"https:\/\/differ.ca\/wp-content\/uploads\/2025\/10\/174_OpenGraphImages-LegalPages.jpg\",\"contentUrl\":\"https:\/\/differ.ca\/wp-content\/uploads\/2025\/10\/174_OpenGraphImages-LegalPages.jpg\",\"width\":1200,\"height\":630},{\"@type\":\"BreadcrumbList\",\"@id\":\"https:\/\/differ.ca\/crtc-carrier-info\/#breadcrumb\",\"itemListElement\":[{\"@type\":\"ListItem\",\"position\":1,\"name\":\"Home\",\"item\":\"https:\/\/differ.ca\/\"},{\"@type\":\"ListItem\",\"position\":2,\"name\":\"CRTC &#038; Carrier Info\"}]},{\"@type\":\"WebSite\",\"@id\":\"https:\/\/differ.ca\/#website\",\"url\":\"https:\/\/differ.ca\/\",\"name\":\"Differ Communications\",\"description\":\"\",\"potentialAction\":[{\"@type\":\"SearchAction\",\"target\":{\"@type\":\"EntryPoint\",\"urlTemplate\":\"https:\/\/differ.ca\/?s={search_term_string}\"},\"query-input\":{\"@type\":\"PropertyValueSpecification\",\"valueRequired\":true,\"valueName\":\"search_term_string\"}}],\"inLanguage\":\"fr-CA\"}]}<\/script>\n<!-- \/ Yoast SEO plugin. -->","yoast_head_json":{"title":"CRTC & Carrier Info - Differ Communications","robots":{"index":"index","follow":"follow","max-snippet":"max-snippet:-1","max-image-preview":"max-image-preview:large","max-video-preview":"max-video-preview:-1"},"canonical":"https:\/\/differ.ca\/fr\/crtc-carrier-info\/","og_locale":"fr_CA","og_type":"article","og_title":"CRTC & Carrier Info - Differ Communications","og_url":"https:\/\/differ.ca\/fr\/crtc-carrier-info\/","og_site_name":"Differ Communications","article_modified_time":"2025-10-24T15:28:38+00:00","og_image":[{"width":1200,"height":630,"url":"https:\/\/differ.ca\/wp-content\/uploads\/2025\/10\/174_OpenGraphImages-LegalPages.jpg","type":"image\/jpeg"}],"twitter_card":"summary_large_image","twitter_misc":{"Estimation du temps de lecture":"1 minute"},"schema":{"@context":"https:\/\/schema.org","@graph":[{"@type":"WebPage","@id":"https:\/\/differ.ca\/crtc-carrier-info\/","url":"https:\/\/differ.ca\/crtc-carrier-info\/","name":"CRTC & Carrier Info - Differ Communications","isPartOf":{"@id":"https:\/\/differ.ca\/#website"},"primaryImageOfPage":{"@id":"https:\/\/differ.ca\/crtc-carrier-info\/#primaryimage"},"image":{"@id":"https:\/\/differ.ca\/crtc-carrier-info\/#primaryimage"},"thumbnailUrl":"https:\/\/differ.ca\/wp-content\/uploads\/2025\/10\/174_OpenGraphImages-LegalPages.jpg","datePublished":"2025-04-29T16:56:36+00:00","dateModified":"2025-10-24T15:28:38+00:00","breadcrumb":{"@id":"https:\/\/differ.ca\/crtc-carrier-info\/#breadcrumb"},"inLanguage":"fr-CA","potentialAction":[{"@type":"ReadAction","target":["https:\/\/differ.ca\/crtc-carrier-info\/"]}]},{"@type":"ImageObject","inLanguage":"fr-CA","@id":"https:\/\/differ.ca\/crtc-carrier-info\/#primaryimage","url":"https:\/\/differ.ca\/wp-content\/uploads\/2025\/10\/174_OpenGraphImages-LegalPages.jpg","contentUrl":"https:\/\/differ.ca\/wp-content\/uploads\/2025\/10\/174_OpenGraphImages-LegalPages.jpg","width":1200,"height":630},{"@type":"BreadcrumbList","@id":"https:\/\/differ.ca\/crtc-carrier-info\/#breadcrumb","itemListElement":[{"@type":"ListItem","position":1,"name":"Home","item":"https:\/\/differ.ca\/"},{"@type":"ListItem","position":2,"name":"CRTC &#038; Carrier Info"}]},{"@type":"WebSite","@id":"https:\/\/differ.ca\/#website","url":"https:\/\/differ.ca\/","name":"Differ Communications","description":"","potentialAction":[{"@type":"SearchAction","target":{"@type":"EntryPoint","urlTemplate":"https:\/\/differ.ca\/?s={search_term_string}"},"query-input":{"@type":"PropertyValueSpecification","valueRequired":true,"valueName":"search_term_string"}}],"inLanguage":"fr-CA"}]}},"_links":{"self":[{"href":"https:\/\/differ.ca\/fr\/wp-json\/wp\/v2\/pages\/84","targetHints":{"allow":["GET"]}}],"collection":[{"href":"https:\/\/differ.ca\/fr\/wp-json\/wp\/v2\/pages"}],"about":[{"href":"https:\/\/differ.ca\/fr\/wp-json\/wp\/v2\/types\/page"}],"author":[{"embeddable":true,"href":"https:\/\/differ.ca\/fr\/wp-json\/wp\/v2\/users\/1"}],"replies":[{"embeddable":true,"href":"https:\/\/differ.ca\/fr\/wp-json\/wp\/v2\/comments?post=84"}],"version-history":[{"count":3,"href":"https:\/\/differ.ca\/fr\/wp-json\/wp\/v2\/pages\/84\/revisions"}],"predecessor-version":[{"id":1832,"href":"https:\/\/differ.ca\/fr\/wp-json\/wp\/v2\/pages\/84\/revisions\/1832"}],"wp:featuredmedia":[{"embeddable":true,"href":"https:\/\/differ.ca\/fr\/wp-json\/wp\/v2\/media\/1819"}],"wp:attachment":[{"href":"https:\/\/differ.ca\/fr\/wp-json\/wp\/v2\/media?parent=84"}],"curies":[{"name":"wp","href":"https:\/\/api.w.org\/{rel}","templated":true}]}}